{"id":974,"date":"2024-07-05T05:21:24","date_gmt":"2024-07-05T05:21:24","guid":{"rendered":"https:\/\/baobabinstitute.live-website.com\/?page_id=974"},"modified":"2024-08-06T00:17:27","modified_gmt":"2024-08-06T00:17:27","slug":"mission","status":"publish","type":"page","link":"https:\/\/baobabinstitute.org\/en\/mission","title":{"rendered":"Mission"},"content":{"rendered":"<div data-elementor-type=\"wp-page\" data-elementor-id=\"974\" class=\"elementor elementor-974\" data-elementor-post-type=\"page\">\n\t\t\t\t<div class=\"elementor-element elementor-element-47954b83 e-con-full 2niba-big-section e-flex e-con e-parent\" data-id=\"47954b83\" data-element_type=\"container\" data-settings=\"{&quot;background_background&quot;:&quot;classic&quot;}\">\n\t\t<div class=\"elementor-element elementor-element-72a9d57 e-flex e-con-boxed e-con e-child\" data-id=\"72a9d57\" data-element_type=\"container\">\n\t\t\t\t\t<div class=\"e-con-inner\">\n\t\t<div class=\"elementor-element elementor-element-16becd72 e-con-full e-flex e-con e-child\" data-id=\"16becd72\" data-element_type=\"container\" data-settings=\"{&quot;background_background&quot;:&quot;classic&quot;}\">\n\t\t\t\t<div class=\"elementor-element elementor-element-28caaa9 elementor-widget__width-inherit elementor-widget elementor-widget-heading\" data-id=\"28caaa9\" data-element_type=\"widget\" data-widget_type=\"heading.default\">\n\t\t\t\t<div class=\"elementor-widget-container\">\n\t\t\t<h1 class=\"elementor-heading-title elementor-size-default\">Vision<\/h1>\t\t<\/div>\n\t\t\t\t<\/div>\n\t\t\t\t<div class=\"elementor-element elementor-element-7deed1a elementor-widget__width-initial elementor-widget elementor-widget-text-editor\" data-id=\"7deed1a\" data-element_type=\"widget\" data-widget_type=\"text-editor.default\">\n\t\t\t\t<div class=\"elementor-widget-container\">\n\t\t\t\t\t\t\t<p>We envision a West Africa endowed with dynamic human capital and equipped with the right tools to create a prosperous region.<\/p>\t\t\t\t\t\t<\/div>\n\t\t\t\t<\/div>\n\t\t\t\t<\/div>\n\t\t<div class=\"elementor-element elementor-element-fc17e5a e-con-full e-flex e-con e-child\" data-id=\"fc17e5a\" data-element_type=\"container\" data-settings=\"{&quot;background_background&quot;:&quot;classic&quot;}\">\n\t\t\t\t<\/div>\n\t\t\t\t\t<\/div>\n\t\t\t\t<\/div>\n\t\t<div class=\"elementor-element elementor-element-91d430d e-flex e-con-boxed e-con e-child\" data-id=\"91d430d\" data-element_type=\"container\">\n\t\t\t\t\t<div class=\"e-con-inner\">\n\t\t<div class=\"elementor-element elementor-element-f77165b e-con-full elementor-hidden-tablet elementor-hidden-mobile e-flex e-con e-child\" data-id=\"f77165b\" data-element_type=\"container\" data-settings=\"{&quot;background_background&quot;:&quot;classic&quot;}\">\n\t\t\t\t<\/div>\n\t\t<div class=\"elementor-element elementor-element-75a7861 e-con-full e-flex e-con e-child\" data-id=\"75a7861\" data-element_type=\"container\" data-settings=\"{&quot;background_background&quot;:&quot;classic&quot;}\">\n\t\t\t\t<div class=\"elementor-element elementor-element-72faa34 elementor-widget__width-inherit elementor-widget elementor-widget-heading\" data-id=\"72faa34\" data-element_type=\"widget\" data-widget_type=\"heading.default\">\n\t\t\t\t<div class=\"elementor-widget-container\">\n\t\t\t<h1 class=\"elementor-heading-title elementor-size-default\">Mission<\/h1>\t\t<\/div>\n\t\t\t\t<\/div>\n\t\t\t\t<div class=\"elementor-element elementor-element-0ac2ed2 elementor-widget__width-initial elementor-widget elementor-widget-text-editor\" data-id=\"0ac2ed2\" data-element_type=\"widget\" data-widget_type=\"text-editor.default\">\n\t\t\t\t<div class=\"elementor-widget-container\">\n\t\t\t\t\t\t\t<p>Baobab Institute encourages dynamic African leaders and organizations to create and implement solutions to development challenges so that the region can flourish.<\/p>\t\t\t\t\t\t<\/div>\n\t\t\t\t<\/div>\n\t\t\t\t<\/div>\n\t\t\t\t\t<\/div>\n\t\t\t\t<\/div>\n\t\t\t\t<\/div>\n\t\t\t\t<\/div>","protected":false},"excerpt":{"rendered":"<p>Vision Nous envisageons une Afrique de l&rsquo;Ouest dot\u00e9e d&rsquo;un capital humain dynamique et \u00e9quip\u00e9e des outils ad\u00e9quats pour cr\u00e9er une r\u00e9gion prosp\u00e8re.\u202f Mission L&rsquo;Institut Baobab encourage les organisations et les dirigeants africains dynamiques \u00e0 cr\u00e9er et \u00e0 mettre en \u0153uvre des solutions pour relever les d\u00e9fis du d\u00e9veloppement afin que la r\u00e9gion s&rsquo;\u00e9panouisse.<\/p>","protected":false},"author":1,"featured_media":0,"parent":0,"menu_order":0,"comment_status":"closed","ping_status":"closed","template":"","meta":{"_acf_changed":false,"footnotes":""},"class_list":["post-974","page","type-page","status-publish","hentry"],"acf":[],"_links":{"self":[{"href":"https:\/\/baobabinstitute.org\/en\/wp-json\/wp\/v2\/pages\/974","targetHints":{"allow":["GET"]}}],"collection":[{"href":"https:\/\/baobabinstitute.org\/en\/wp-json\/wp\/v2\/pages"}],"about":[{"href":"https:\/\/baobabinstitute.org\/en\/wp-json\/wp\/v2\/types\/page"}],"author":[{"embeddable":true,"href":"https:\/\/baobabinstitute.org\/en\/wp-json\/wp\/v2\/users\/1"}],"replies":[{"embeddable":true,"href":"https:\/\/baobabinstitute.org\/en\/wp-json\/wp\/v2\/comments?post=974"}],"version-history":[{"count":61,"href":"https:\/\/baobabinstitute.org\/en\/wp-json\/wp\/v2\/pages\/974\/revisions"}],"predecessor-version":[{"id":1950,"href":"https:\/\/baobabinstitute.org\/en\/wp-json\/wp\/v2\/pages\/974\/revisions\/1950"}],"wp:attachment":[{"href":"https:\/\/baobabinstitute.org\/en\/wp-json\/wp\/v2\/media?parent=974"}],"curies":[{"name":"wp","href":"https:\/\/api.w.org\/{rel}","templated":true}]}}